{"id":1499,"date":"2026-03-20T10:15:27","date_gmt":"2026-03-20T10:15:27","guid":{"rendered":"https:\/\/leacristalshop.fr\/?page_id=1499"},"modified":"2026-03-20T10:20:35","modified_gmt":"2026-03-20T10:20:35","slug":"qui-suis-je","status":"publish","type":"page","link":"https:\/\/leacristalshop.fr\/index.php\/qui-suis-je\/","title":{"rendered":"Qui suis-je ?"},"content":{"rendered":"\n<p class=\"has-medium-font-size\">Moi c&#8217;est L\u00e9a, passionn\u00e9e par les opales depuis toujours, j\u2019ai longtemps r\u00eav\u00e9 de porter des bijoux en opale\u2026 mais leur prix les rendait souvent inaccessibles. <\/p>\n\n\n\n<p class=\"has-medium-font-size\">C\u2019est en 2022 que j\u2019ai d\u00e9cid\u00e9 de cr\u00e9er mes propres bijoux faits main, en s\u00e9lectionnant moi-m\u00eame les pierres. Lapidaire dans l\u2019\u00e2me, je suis \u00e9galement passionn\u00e9e par la recherche de cristaux bruts en pleine nature et la taille, une activit\u00e9 qui nourrit mon amour pour les pierres et leur authenticit\u00e9.<\/p>\n\n\n\n<p class=\"has-medium-font-size\">Bas\u00e9e dans l\u2019Est de la France, pr\u00e8s de Metz, j\u2019ai fond\u00e9 LCS avec une mission claire : rendre les bijoux en opale et en pierres pr\u00e9cieuses accessibles, tout en proposant des cr\u00e9ations de qualit\u00e9, \u00e0 un prix juste, et avec une fabrication fran\u00e7aise. <\/p>\n\n\n\n<p class=\"has-medium-font-size\">Aujourd\u2019hui, chaque pi\u00e8ce est pens\u00e9e pour allier beaut\u00e9, naturel et singularit\u00e9.<\/p>\n\n\n\n<p>\n  Pour toute question vous pouvez me contacter \n  <a href=\"https:\/\/leacristalshop.fr\/index.php\/nous-contacter\/\">en cliquant ici<\/a>\n<\/p>\n\n\n\n<p><\/p>\n","protected":false},"excerpt":{"rendered":"<p>Moi c&#8217;est L\u00e9a, passionn\u00e9e par les opales depuis toujours, j\u2019ai longtemps r\u00eav\u00e9 de porter des bijoux en opale\u2026 mais leur [&hellip;]<\/p>\n","protected":false},"author":4,"featured_media":0,"parent":0,"menu_order":0,"comment_status":"closed","ping_status":"closed","template":"","meta":{"site-sidebar-layout":"default","site-content-layout":"","ast-site-content-layout":"default","site-content-style":"default","site-sidebar-style":"default","ast-global-header-display":"","ast-banner-title-visibility":"","ast-main-header-display":"","ast-hfb-above-header-display":"","ast-hfb-below-header-display":"","ast-hfb-mobile-header-display":"","site-post-title":"","ast-breadcrumbs-content":"","ast-featured-img":"","footer-sml-layout":"","ast-disable-related-posts":"","theme-transparent-header-meta":"","adv-header-id-meta":"","stick-header-meta":"","header-above-stick-meta":"","header-main-stick-meta":"","header-below-stick-meta":"","astra-migrate-meta-layouts":"default","ast-page-background-enabled":"default","ast-page-background-meta":{"desktop":{"background-color":"var(--ast-global-color-5)","background-image":"","background-repeat":"repeat","background-position":"center center","background-size":"auto","background-attachment":"scroll","background-type":"","background-media":"","overlay-type":"","overlay-color":"","overlay-opacity":"","overlay-gradient":""},"tablet":{"background-color":"","background-image":"","background-repeat":"repeat","background-position":"center center","background-size":"auto","background-attachment":"scroll","background-type":"","background-media":"","overlay-type":"","overlay-color":"","overlay-opacity":"","overlay-gradient":""},"mobile":{"background-color":"","background-image":"","background-repeat":"repeat","background-position":"center center","background-size":"auto","background-attachment":"scroll","background-type":"","background-media":"","overlay-type":"","overlay-color":"","overlay-opacity":"","overlay-gradient":""}},"ast-content-background-meta":{"desktop":{"background-color":"var(--ast-global-color-4)","background-image":"","background-repeat":"repeat","background-position":"center center","background-size":"auto","background-attachment":"scroll","background-type":"","background-media":"","overlay-type":"","overlay-color":"","overlay-opacity":"","overlay-gradient":""},"tablet":{"background-color":"var(--ast-global-color-4)","background-image":"","background-repeat":"repeat","background-position":"center center","background-size":"auto","background-attachment":"scroll","background-type":"","background-media":"","overlay-type":"","overlay-color":"","overlay-opacity":"","overlay-gradient":""},"mobile":{"background-color":"var(--ast-global-color-4)","background-image":"","background-repeat":"repeat","background-position":"center center","background-size":"auto","background-attachment":"scroll","background-type":"","background-media":"","overlay-type":"","overlay-color":"","overlay-opacity":"","overlay-gradient":""}},"footnotes":""},"class_list":["post-1499","page","type-page","status-publish","hentry"],"jetpack_sharing_enabled":true,"_links":{"self":[{"href":"https:\/\/leacristalshop.fr\/index.php\/wp-json\/wp\/v2\/pages\/1499","targetHints":{"allow":["GET"]}}],"collection":[{"href":"https:\/\/leacristalshop.fr\/index.php\/wp-json\/wp\/v2\/pages"}],"about":[{"href":"https:\/\/leacristalshop.fr\/index.php\/wp-json\/wp\/v2\/types\/page"}],"author":[{"embeddable":true,"href":"https:\/\/leacristalshop.fr\/index.php\/wp-json\/wp\/v2\/users\/4"}],"replies":[{"embeddable":true,"href":"https:\/\/leacristalshop.fr\/index.php\/wp-json\/wp\/v2\/comments?post=1499"}],"version-history":[{"count":4,"href":"https:\/\/leacristalshop.fr\/index.php\/wp-json\/wp\/v2\/pages\/1499\/revisions"}],"predecessor-version":[{"id":1510,"href":"https:\/\/leacristalshop.fr\/index.php\/wp-json\/wp\/v2\/pages\/1499\/revisions\/1510"}],"wp:attachment":[{"href":"https:\/\/leacristalshop.fr\/index.php\/wp-json\/wp\/v2\/media?parent=1499"}],"curies":[{"name":"wp","href":"https:\/\/api.w.org\/{rel}","templated":true}]}}