{"id":1106,"date":"2026-03-11T17:31:32","date_gmt":"2026-03-11T17:31:32","guid":{"rendered":"https:\/\/leacristalshop.fr\/?post_type=product&#038;p=1106"},"modified":"2026-04-01T11:17:44","modified_gmt":"2026-04-01T11:17:44","slug":"bracelet-opale-welo-facettee-aaa","status":"publish","type":"product","link":"https:\/\/leacristalshop.fr\/index.php\/produit\/bracelet-opale-welo-facettee-aaa\/","title":{"rendered":"Bracelet opale blanche facett\u00e9e \u00b7 Puret\u00e9 naturelle \u00b7 Fermoir argent\u00e9"},"content":{"rendered":"","protected":false},"excerpt":{"rendered":"<p><em><b>Chaque opale raconte une histoire\u2026 et aucune ne se ressemble<\/b><\/em><\/p>\n<p data-start=\"1096\" data-end=\"1293\">Depuis toujours, l\u2019opale fascine par ses reflets myst\u00e9rieux et changeants.<br data-start=\"1170\" data-end=\"1173\" \/>\u00c0 chaque mouvement, elle capte la lumi\u00e8re pour r\u00e9v\u00e9ler un jeu de couleurs unique \u2014 comme si la pierre \u00e9tait vivante.<\/p>\n<p data-start=\"1300\" data-end=\"1462\">Porter ce bracelet, ce n\u2019est pas simplement ajouter un accessoire\u2026<br data-start=\"1366\" data-end=\"1369\" \/>C\u2019est porter une pi\u00e8ce rare, qui attire les regards et sublime votre style avec \u00e9l\u00e9gance.<\/p>\n<p><strong>Bracelet opales Welo \u00e9thiopiennes facett\u00e9es naturelles &#8211; Qualit\u00e9 AAA &#8211; Fermoir argent\u00e9<\/strong><\/p>\n<p>\u2728 <strong data-start=\"1554\" data-end=\"1589\">Pi\u00e8ce unique faite main par L\u00e9a<\/strong><br data-start=\"1589\" data-end=\"1592\" \/>\u2728 Perles d\u2019opales naturelles aux reflets multifeux fascinants<br data-start=\"1655\" data-end=\"1658\" \/>\u2728 Monture en acier inoxydable hypoallerg\u00e9nique<br data-start=\"1706\" data-end=\"1709\" \/>\u2728 Ajustable (15 \u00e0 20 cm) pour un confort parfait<\/p>\n<p data-start=\"1768\" data-end=\"1830\">\u2b50 <strong data-start=\"1770\" data-end=\"1828\">D\u00e9j\u00e0 plus de 1000 femmes s\u00e9duites par son \u00e9clat unique<\/strong><\/p>\n<p data-start=\"1837\" data-end=\"1935\">\ud83c\udf81 <strong data-start=\"1840\" data-end=\"1889\">Un cadeau exclusif offert avec votre commande<\/strong><br data-start=\"1889\" data-end=\"1892\" \/>\ud83d\ude9a Livraison rapide &amp; paiement s\u00e9curis\u00e9<\/p>\n<p data-start=\"1942\" data-end=\"2076\">\ud83d\udd25 <strong data-start=\"1945\" data-end=\"2017\">Quantit\u00e9s tr\u00e8s limit\u00e9es \u2014 chaque opale est unique et tr\u00e8s recherch\u00e9e\u00a0<\/strong><\/p>\n<p data-start=\"1942\" data-end=\"2076\">\ud83d\udc49 <strong data-start=\"2025\" data-end=\"2076\">Une fois en rupture, ce mod\u00e8le ne reviendra pas<\/strong><\/p>\n<p>&nbsp;<\/p>\n<p>&nbsp;<\/p>\n","protected":false},"featured_media":1146,"comment_status":"open","ping_status":"closed","template":"","meta":{"site-sidebar-layout":"default","site-content-layout":"","ast-site-content-layout":"default","site-content-style":"default","site-sidebar-style":"default","ast-global-header-display":"","ast-banner-title-visibility":"","ast-main-header-display":"","ast-hfb-above-header-display":"","ast-hfb-below-header-display":"","ast-hfb-mobile-header-display":"","site-post-title":"","ast-breadcrumbs-content":"","ast-featured-img":"","footer-sml-layout":"","ast-disable-related-posts":"","theme-transparent-header-meta":"default","adv-header-id-meta":"","stick-header-meta":"","header-above-stick-meta":"","header-main-stick-meta":"","header-below-stick-meta":"","astra-migrate-meta-layouts":"set","ast-page-background-enabled":"default","ast-page-background-meta":{"desktop":{"background-color":"var(--ast-global-color-5)","background-image":"","background-repeat":"repeat","background-position":"center center","background-size":"auto","background-attachment":"scroll","background-type":"","background-media":"","overlay-type":"","overlay-color":"","overlay-opacity":"","overlay-gradient":""},"tablet":{"background-color":"","background-image":"","background-repeat":"repeat","background-position":"center center","background-size":"auto","background-attachment":"scroll","background-type":"","background-media":"","overlay-type":"","overlay-color":"","overlay-opacity":"","overlay-gradient":""},"mobile":{"background-color":"","background-image":"","background-repeat":"repeat","background-position":"center center","background-size":"auto","background-attachment":"scroll","background-type":"","background-media":"","overlay-type":"","overlay-color":"","overlay-opacity":"","overlay-gradient":""}},"ast-content-background-meta":{"desktop":{"background-color":"var(--ast-global-color-4)","background-image":"","background-repeat":"repeat","background-position":"center center","background-size":"auto","background-attachment":"scroll","background-type":"","background-media":"","overlay-type":"","overlay-color":"","overlay-opacity":"","overlay-gradient":""},"tablet":{"background-color":"var(--ast-global-color-4)","background-image":"","background-repeat":"repeat","background-position":"center center","background-size":"auto","background-attachment":"scroll","background-type":"","background-media":"","overlay-type":"","overlay-color":"","overlay-opacity":"","overlay-gradient":""},"mobile":{"background-color":"var(--ast-global-color-4)","background-image":"","background-repeat":"repeat","background-position":"center center","background-size":"auto","background-attachment":"scroll","background-type":"","background-media":"","overlay-type":"","overlay-color":"","overlay-opacity":"","overlay-gradient":""}}},"product_brand":[],"product_cat":[23],"product_tag":[],"class_list":{"0":"post-1106","1":"product","2":"type-product","3":"status-publish","4":"has-post-thumbnail","6":"product_cat-opal-bracelet","7":"desktop-align-center","8":"tablet-align-left","9":"mobile-align-left","11":"first","12":"instock","13":"sale","14":"shipping-taxable","15":"purchasable","16":"product-type-simple"},"jetpack_sharing_enabled":true,"_links":{"self":[{"href":"https:\/\/leacristalshop.fr\/index.php\/wp-json\/wp\/v2\/product\/1106","targetHints":{"allow":["GET"]}}],"collection":[{"href":"https:\/\/leacristalshop.fr\/index.php\/wp-json\/wp\/v2\/product"}],"about":[{"href":"https:\/\/leacristalshop.fr\/index.php\/wp-json\/wp\/v2\/types\/product"}],"replies":[{"embeddable":true,"href":"https:\/\/leacristalshop.fr\/index.php\/wp-json\/wp\/v2\/comments?post=1106"}],"version-history":[{"count":7,"href":"https:\/\/leacristalshop.fr\/index.php\/wp-json\/wp\/v2\/product\/1106\/revisions"}],"predecessor-version":[{"id":1573,"href":"https:\/\/leacristalshop.fr\/index.php\/wp-json\/wp\/v2\/product\/1106\/revisions\/1573"}],"wp:featuredmedia":[{"embeddable":true,"href":"https:\/\/leacristalshop.fr\/index.php\/wp-json\/wp\/v2\/media\/1146"}],"wp:attachment":[{"href":"https:\/\/leacristalshop.fr\/index.php\/wp-json\/wp\/v2\/media?parent=1106"}],"wp:term":[{"taxonomy":"product_brand","embeddable":true,"href":"https:\/\/leacristalshop.fr\/index.php\/wp-json\/wp\/v2\/product_brand?post=1106"},{"taxonomy":"product_cat","embeddable":true,"href":"https:\/\/leacristalshop.fr\/index.php\/wp-json\/wp\/v2\/product_cat?post=1106"},{"taxonomy":"product_tag","embeddable":true,"href":"https:\/\/leacristalshop.fr\/index.php\/wp-json\/wp\/v2\/product_tag?post=1106"}],"curies":[{"name":"wp","href":"https:\/\/api.w.org\/{rel}","templated":true}]}}