{"id":1330,"date":"2026-03-18T18:43:28","date_gmt":"2026-03-18T18:43:28","guid":{"rendered":"https:\/\/leacristalshop.fr\/?post_type=product&#038;p=1330"},"modified":"2026-04-02T11:39:58","modified_gmt":"2026-04-02T11:39:58","slug":"fil-opale-welo-blanches-aaa-40-cm","status":"publish","type":"product","link":"https:\/\/leacristalshop.fr\/index.php\/produit\/fil-opale-welo-blanches-aaa-40-cm\/","title":{"rendered":"Fil de perles opale blanches semi-plates AAA"},"content":{"rendered":"<p><strong>Fil de perles d&#8217;opale welo blanches qualit\u00e9 AAA, \u00e9paisseur perles 2-3 mm, longueur 38 cm <b>\u2248 <\/b>40cm<\/strong><\/p>\n<p>&nbsp;<\/p>\n<ul>\n<li><strong>Photos naturelles et sans filtres<\/strong><\/li>\n<li><strong>Jolis reflets multi-feux brillants bleus, verts, jaunes, rouges et orang\u00e9s<\/strong><\/li>\n<\/ul>\n<p>&nbsp;<\/p>\n<p>&nbsp;<\/p>\n","protected":false},"excerpt":{"rendered":"<p><strong>Fil de perles d&#8217;opale welo bleu qualit\u00e9 AAA, \u00e9paisseur perles 2-3 mm &#8211; Longueur \u00a038 cm \u2248 40 cm<\/strong><\/p>\n<ul>\n<li><strong>\u00c9l\u00e9gant<\/strong> et <strong>lumineux<\/strong><\/li>\n<li>Perles <strong>d&#8217;opales naturelles\u00a0<\/strong><\/li>\n<li>Jolis <strong>reflets multi-feux brillants<\/strong> bleus, verts, jaunes, rouges et orang\u00e9s<\/li>\n<li><strong>Longueur\u00a0 38 cm \u2248 41 cm\u00a0<\/strong><\/li>\n<\/ul>\n<p><strong>\u2b50 Plus de 1000 clientes l&#8217;ont d\u00e9j\u00e0 command\u00e9 !\u00a0<\/strong><br \/>\n<strong>\u2705 Exp\u00e9dition rapide &#8211; paiement s\u00e9curis\u00e9\u00a0<\/strong><br \/>\n<strong>\ud83d\udd25\u00a0 Stock limit\u00e9 &#8211; opales naturelles tr\u00e8s recherch\u00e9es<\/strong><\/p>\n<p>&nbsp;<\/p>\n<p><strong>\ud83c\udf81 1 Echantillon de perles offert avec votre commande<\/strong><\/p>\n","protected":false},"featured_media":1231,"comment_status":"open","ping_status":"closed","template":"","meta":{"site-sidebar-layout":"default","site-content-layout":"","ast-site-content-layout":"default","site-content-style":"default","site-sidebar-style":"default","ast-global-header-display":"","ast-banner-title-visibility":"","ast-main-header-display":"","ast-hfb-above-header-display":"","ast-hfb-below-header-display":"","ast-hfb-mobile-header-display":"","site-post-title":"","ast-breadcrumbs-content":"","ast-featured-img":"","footer-sml-layout":"","ast-disable-related-posts":"","theme-transparent-header-meta":"default","adv-header-id-meta":"","stick-header-meta":"","header-above-stick-meta":"","header-main-stick-meta":"","header-below-stick-meta":"","astra-migrate-meta-layouts":"set","ast-page-background-enabled":"default","ast-page-background-meta":{"desktop":{"background-color":"var(--ast-global-color-5)","background-image":"","background-repeat":"repeat","background-position":"center center","background-size":"auto","background-attachment":"scroll","background-type":"","background-media":"","overlay-type":"","overlay-color":"","overlay-opacity":"","overlay-gradient":""},"tablet":{"background-color":"","background-image":"","background-repeat":"repeat","background-position":"center center","background-size":"auto","background-attachment":"scroll","background-type":"","background-media":"","overlay-type":"","overlay-color":"","overlay-opacity":"","overlay-gradient":""},"mobile":{"background-color":"","background-image":"","background-repeat":"repeat","background-position":"center center","background-size":"auto","background-attachment":"scroll","background-type":"","background-media":"","overlay-type":"","overlay-color":"","overlay-opacity":"","overlay-gradient":""}},"ast-content-background-meta":{"desktop":{"background-color":"var(--ast-global-color-4)","background-image":"","background-repeat":"repeat","background-position":"center center","background-size":"auto","background-attachment":"scroll","background-type":"","background-media":"","overlay-type":"","overlay-color":"","overlay-opacity":"","overlay-gradient":""},"tablet":{"background-color":"var(--ast-global-color-4)","background-image":"","background-repeat":"repeat","background-position":"center center","background-size":"auto","background-attachment":"scroll","background-type":"","background-media":"","overlay-type":"","overlay-color":"","overlay-opacity":"","overlay-gradient":""},"mobile":{"background-color":"var(--ast-global-color-4)","background-image":"","background-repeat":"repeat","background-position":"center center","background-size":"auto","background-attachment":"scroll","background-type":"","background-media":"","overlay-type":"","overlay-color":"","overlay-opacity":"","overlay-gradient":""}}},"product_brand":[],"product_cat":[39],"product_tag":[],"class_list":{"0":"post-1330","1":"product","2":"type-product","3":"status-publish","4":"has-post-thumbnail","6":"product_cat-fils-de-perles","7":"desktop-align-center","8":"tablet-align-left","9":"mobile-align-left","11":"first","12":"instock","13":"sale","14":"shipping-taxable","15":"purchasable","16":"product-type-simple"},"jetpack_sharing_enabled":true,"_links":{"self":[{"href":"https:\/\/leacristalshop.fr\/index.php\/wp-json\/wp\/v2\/product\/1330","targetHints":{"allow":["GET"]}}],"collection":[{"href":"https:\/\/leacristalshop.fr\/index.php\/wp-json\/wp\/v2\/product"}],"about":[{"href":"https:\/\/leacristalshop.fr\/index.php\/wp-json\/wp\/v2\/types\/product"}],"replies":[{"embeddable":true,"href":"https:\/\/leacristalshop.fr\/index.php\/wp-json\/wp\/v2\/comments?post=1330"}],"version-history":[{"count":12,"href":"https:\/\/leacristalshop.fr\/index.php\/wp-json\/wp\/v2\/product\/1330\/revisions"}],"predecessor-version":[{"id":1628,"href":"https:\/\/leacristalshop.fr\/index.php\/wp-json\/wp\/v2\/product\/1330\/revisions\/1628"}],"wp:featuredmedia":[{"embeddable":true,"href":"https:\/\/leacristalshop.fr\/index.php\/wp-json\/wp\/v2\/media\/1231"}],"wp:attachment":[{"href":"https:\/\/leacristalshop.fr\/index.php\/wp-json\/wp\/v2\/media?parent=1330"}],"wp:term":[{"taxonomy":"product_brand","embeddable":true,"href":"https:\/\/leacristalshop.fr\/index.php\/wp-json\/wp\/v2\/product_brand?post=1330"},{"taxonomy":"product_cat","embeddable":true,"href":"https:\/\/leacristalshop.fr\/index.php\/wp-json\/wp\/v2\/product_cat?post=1330"},{"taxonomy":"product_tag","embeddable":true,"href":"https:\/\/leacristalshop.fr\/index.php\/wp-json\/wp\/v2\/product_tag?post=1330"}],"curies":[{"name":"wp","href":"https:\/\/api.w.org\/{rel}","templated":true}]}}