{"id":1349,"date":"2026-03-18T19:23:41","date_gmt":"2026-03-18T19:23:41","guid":{"rendered":"https:\/\/leacristalshop.fr\/?post_type=product&#038;p=1349"},"modified":"2026-04-01T12:02:10","modified_gmt":"2026-04-01T12:02:10","slug":"box-mystere-bracelet","status":"publish","type":"product","link":"https:\/\/leacristalshop.fr\/index.php\/produit\/box-mystere-bracelet\/","title":{"rendered":"Box bijou opale myst\u00e8re"},"content":{"rendered":"<h2 style=\"text-align: left;\"><strong>Box bijou opale myst\u00e8re\u00a0<\/strong><\/h2>\n<p><strong><em>Joue le jeu ! Laisse-toi tenter par une box myst\u00e8re\u00a0 \u00a0!\u00a0<\/em><\/strong><\/p>\n<p>Recevez un bijou myst\u00e8re en opale du site L\u00e9a Cristalshop ! Un bracelet, un collier de perles ou encore un collier avec pendentif ?\u00a0 Que vais-je recevoir comme bijou?<\/p>\n<ul>\n<li>\ud83d\udc8d 1 Bijou en opale \u00e9l\u00e9gant et lumineux<\/li>\n<li>\ud83c\udf81 1 Cadeau Myst\u00e8re offert<\/li>\n<\/ul>\n<p><strong><em>Je joue le jeu ! Je veux ma box !<\/em><\/strong><\/p>\n<p><strong>\u2b50 Plus de 1000 clientes l&#8217;ont d\u00e9j\u00e0 command\u00e9 !<\/strong><br \/>\n<strong>\u2705 Exp\u00e9dition rapide &#8211; paiement s\u00e9curis\u00e9\u00a0<\/strong><\/p>\n<p><strong>\ud83c\udf81 1 cadeau offert avec votre commande<\/strong><\/p>\n","protected":false},"excerpt":{"rendered":"<p><strong>Box myst\u00e8re\u00a0<\/strong><\/p>\n<p><strong><em>Joue le jeu ! Laisse-toi tenter par une box myst\u00e8re\u00a0 \u00a0!\u00a0<\/em><\/strong><\/p>\n<p>Commandez et recevez un bijou myst\u00e8re en opale du site L\u00e9a Cristalshop<\/p>\n<p>\u25cf Un bracelet ou un collier<\/p>\n<p><em><strong style=\"font-size: 16px;\">De quoi se compose ma box ?<\/strong><\/em><\/p>\n<ul>\n<li>\ud83d\udc8d 1 Bijou en opale \u00e9l\u00e9gant et lumineux<\/li>\n<li>\ud83c\udf81 1 Cadeau Myst\u00e8re offert<\/li>\n<\/ul>\n<p><strong><em>Je joue et je veux ma box !<\/em><\/strong><\/p>\n<p><strong>\u2b50 Plus de 1000 clientes l&#8217;ont d\u00e9j\u00e0 command\u00e9 !<\/strong><br \/>\n<strong>\u2705 Exp\u00e9dition rapide &#8211; paiement s\u00e9curis\u00e9\u00a0<\/strong><\/p>\n<p><strong>\ud83c\udf81 1 cadeau offert avec votre commande<\/strong><\/p>\n","protected":false},"featured_media":1594,"comment_status":"open","ping_status":"closed","template":"","meta":{"site-sidebar-layout":"default","site-content-layout":"","ast-site-content-layout":"default","site-content-style":"default","site-sidebar-style":"default","ast-global-header-display":"","ast-banner-title-visibility":"","ast-main-header-display":"","ast-hfb-above-header-display":"","ast-hfb-below-header-display":"","ast-hfb-mobile-header-display":"","site-post-title":"","ast-breadcrumbs-content":"","ast-featured-img":"","footer-sml-layout":"","ast-disable-related-posts":"","theme-transparent-header-meta":"default","adv-header-id-meta":"","stick-header-meta":"","header-above-stick-meta":"","header-main-stick-meta":"","header-below-stick-meta":"","astra-migrate-meta-layouts":"set","ast-page-background-enabled":"default","ast-page-background-meta":{"desktop":{"background-color":"var(--ast-global-color-5)","background-image":"","background-repeat":"repeat","background-position":"center center","background-size":"auto","background-attachment":"scroll","background-type":"","background-media":"","overlay-type":"","overlay-color":"","overlay-opacity":"","overlay-gradient":""},"tablet":{"background-color":"","background-image":"","background-repeat":"repeat","background-position":"center center","background-size":"auto","background-attachment":"scroll","background-type":"","background-media":"","overlay-type":"","overlay-color":"","overlay-opacity":"","overlay-gradient":""},"mobile":{"background-color":"","background-image":"","background-repeat":"repeat","background-position":"center center","background-size":"auto","background-attachment":"scroll","background-type":"","background-media":"","overlay-type":"","overlay-color":"","overlay-opacity":"","overlay-gradient":""}},"ast-content-background-meta":{"desktop":{"background-color":"var(--ast-global-color-4)","background-image":"","background-repeat":"repeat","background-position":"center center","background-size":"auto","background-attachment":"scroll","background-type":"","background-media":"","overlay-type":"","overlay-color":"","overlay-opacity":"","overlay-gradient":""},"tablet":{"background-color":"var(--ast-global-color-4)","background-image":"","background-repeat":"repeat","background-position":"center center","background-size":"auto","background-attachment":"scroll","background-type":"","background-media":"","overlay-type":"","overlay-color":"","overlay-opacity":"","overlay-gradient":""},"mobile":{"background-color":"var(--ast-global-color-4)","background-image":"","background-repeat":"repeat","background-position":"center center","background-size":"auto","background-attachment":"scroll","background-type":"","background-media":"","overlay-type":"","overlay-color":"","overlay-opacity":"","overlay-gradient":""}}},"product_brand":[],"product_cat":[23],"product_tag":[],"class_list":{"0":"post-1349","1":"product","2":"type-product","3":"status-publish","4":"has-post-thumbnail","6":"product_cat-opal-bracelet","7":"desktop-align-center","8":"tablet-align-left","9":"mobile-align-left","11":"first","12":"instock","13":"shipping-taxable","14":"purchasable","15":"product-type-variable"},"jetpack_sharing_enabled":true,"_links":{"self":[{"href":"https:\/\/leacristalshop.fr\/index.php\/wp-json\/wp\/v2\/product\/1349","targetHints":{"allow":["GET"]}}],"collection":[{"href":"https:\/\/leacristalshop.fr\/index.php\/wp-json\/wp\/v2\/product"}],"about":[{"href":"https:\/\/leacristalshop.fr\/index.php\/wp-json\/wp\/v2\/types\/product"}],"replies":[{"embeddable":true,"href":"https:\/\/leacristalshop.fr\/index.php\/wp-json\/wp\/v2\/comments?post=1349"}],"version-history":[{"count":13,"href":"https:\/\/leacristalshop.fr\/index.php\/wp-json\/wp\/v2\/product\/1349\/revisions"}],"predecessor-version":[{"id":1595,"href":"https:\/\/leacristalshop.fr\/index.php\/wp-json\/wp\/v2\/product\/1349\/revisions\/1595"}],"wp:featuredmedia":[{"embeddable":true,"href":"https:\/\/leacristalshop.fr\/index.php\/wp-json\/wp\/v2\/media\/1594"}],"wp:attachment":[{"href":"https:\/\/leacristalshop.fr\/index.php\/wp-json\/wp\/v2\/media?parent=1349"}],"wp:term":[{"taxonomy":"product_brand","embeddable":true,"href":"https:\/\/leacristalshop.fr\/index.php\/wp-json\/wp\/v2\/product_brand?post=1349"},{"taxonomy":"product_cat","embeddable":true,"href":"https:\/\/leacristalshop.fr\/index.php\/wp-json\/wp\/v2\/product_cat?post=1349"},{"taxonomy":"product_tag","embeddable":true,"href":"https:\/\/leacristalshop.fr\/index.php\/wp-json\/wp\/v2\/product_tag?post=1349"}],"curies":[{"name":"wp","href":"https:\/\/api.w.org\/{rel}","templated":true}]}}