{"id":206,"date":"2026-02-23T16:49:50","date_gmt":"2026-02-23T16:49:50","guid":{"rendered":"https:\/\/leacristalshop.fr\/?post_type=product&#038;p=206"},"modified":"2026-02-25T22:07:45","modified_gmt":"2026-02-25T22:07:45","slug":"collier-complet-en-perles-dopales-welo-bleu-ethiopiennes-aaa-multifeux","status":"publish","type":"product","link":"https:\/\/leacristalshop.fr\/index.php\/produit\/collier-complet-en-perles-dopales-welo-bleu-ethiopiennes-aaa-multifeux\/","title":{"rendered":"COLLIER COMPLET OPALE WELO BLEUE AAA"},"content":{"rendered":"<p>Collier en perles d&#8217;opales welo bleu \u00e9thiopiennes complet AAA qualit\u00e9 tr\u00e8s brillants m\u00eame sans flash, multi-feux bleu verts jaune rouge orang\u00e9s.<\/p>\n<p>Mont\u00e9 sur steel silver ; acier inoxydable hypoallerg\u00e9nique de haute qualit\u00e9.<\/p>\n<p>Taille r\u00e9glable gr\u00e2ce \u00e0 une cha\u00eenette pour plus de confort.<\/p>\n","protected":false},"excerpt":{"rendered":"<p>Taille r\u00e9glable et hypoallerg\u00e9nique <\/p>\n","protected":false},"featured_media":231,"comment_status":"open","ping_status":"closed","template":"","meta":{"site-sidebar-layout":"default","site-content-layout":"","ast-site-content-layout":"default","site-content-style":"default","site-sidebar-style":"default","ast-global-header-display":"","ast-banner-title-visibility":"","ast-main-header-display":"","ast-hfb-above-header-display":"","ast-hfb-below-header-display":"","ast-hfb-mobile-header-display":"","site-post-title":"","ast-breadcrumbs-content":"","ast-featured-img":"","footer-sml-layout":"","ast-disable-related-posts":"","theme-transparent-header-meta":"default","adv-header-id-meta":"","stick-header-meta":"","header-above-stick-meta":"","header-main-stick-meta":"","header-below-stick-meta":"","astra-migrate-meta-layouts":"set","ast-page-background-enabled":"default","ast-page-background-meta":{"desktop":{"background-color":"var(--ast-global-color-5)","background-image":"","background-repeat":"repeat","background-position":"center center","background-size":"auto","background-attachment":"scroll","background-type":"","background-media":"","overlay-type":"","overlay-color":"","overlay-opacity":"","overlay-gradient":""},"tablet":{"background-color":"","background-image":"","background-repeat":"repeat","background-position":"center center","background-size":"auto","background-attachment":"scroll","background-type":"","background-media":"","overlay-type":"","overlay-color":"","overlay-opacity":"","overlay-gradient":""},"mobile":{"background-color":"","background-image":"","background-repeat":"repeat","background-position":"center center","background-size":"auto","background-attachment":"scroll","background-type":"","background-media":"","overlay-type":"","overlay-color":"","overlay-opacity":"","overlay-gradient":""}},"ast-content-background-meta":{"desktop":{"background-color":"var(--ast-global-color-4)","background-image":"","background-repeat":"repeat","background-position":"center center","background-size":"auto","background-attachment":"scroll","background-type":"","background-media":"","overlay-type":"","overlay-color":"","overlay-opacity":"","overlay-gradient":""},"tablet":{"background-color":"var(--ast-global-color-4)","background-image":"","background-repeat":"repeat","background-position":"center center","background-size":"auto","background-attachment":"scroll","background-type":"","background-media":"","overlay-type":"","overlay-color":"","overlay-opacity":"","overlay-gradient":""},"mobile":{"background-color":"var(--ast-global-color-4)","background-image":"","background-repeat":"repeat","background-position":"center center","background-size":"auto","background-attachment":"scroll","background-type":"","background-media":"","overlay-type":"","overlay-color":"","overlay-opacity":"","overlay-gradient":""}}},"product_brand":[],"product_cat":[15],"product_tag":[],"class_list":{"0":"post-206","1":"product","2":"type-product","3":"status-publish","4":"has-post-thumbnail","6":"product_cat-non-classe","7":"desktop-align-center","8":"tablet-align-left","9":"mobile-align-left","11":"first","12":"instock","13":"shipping-taxable","14":"purchasable","15":"product-type-simple"},"jetpack_sharing_enabled":true,"_links":{"self":[{"href":"https:\/\/leacristalshop.fr\/index.php\/wp-json\/wp\/v2\/product\/206","targetHints":{"allow":["GET"]}}],"collection":[{"href":"https:\/\/leacristalshop.fr\/index.php\/wp-json\/wp\/v2\/product"}],"about":[{"href":"https:\/\/leacristalshop.fr\/index.php\/wp-json\/wp\/v2\/types\/product"}],"replies":[{"embeddable":true,"href":"https:\/\/leacristalshop.fr\/index.php\/wp-json\/wp\/v2\/comments?post=206"}],"version-history":[{"count":5,"href":"https:\/\/leacristalshop.fr\/index.php\/wp-json\/wp\/v2\/product\/206\/revisions"}],"predecessor-version":[{"id":488,"href":"https:\/\/leacristalshop.fr\/index.php\/wp-json\/wp\/v2\/product\/206\/revisions\/488"}],"wp:featuredmedia":[{"embeddable":true,"href":"https:\/\/leacristalshop.fr\/index.php\/wp-json\/wp\/v2\/media\/231"}],"wp:attachment":[{"href":"https:\/\/leacristalshop.fr\/index.php\/wp-json\/wp\/v2\/media?parent=206"}],"wp:term":[{"taxonomy":"product_brand","embeddable":true,"href":"https:\/\/leacristalshop.fr\/index.php\/wp-json\/wp\/v2\/product_brand?post=206"},{"taxonomy":"product_cat","embeddable":true,"href":"https:\/\/leacristalshop.fr\/index.php\/wp-json\/wp\/v2\/product_cat?post=206"},{"taxonomy":"product_tag","embeddable":true,"href":"https:\/\/leacristalshop.fr\/index.php\/wp-json\/wp\/v2\/product_tag?post=206"}],"curies":[{"name":"wp","href":"https:\/\/api.w.org\/{rel}","templated":true}]}}