{"id":219,"date":"2026-02-23T17:08:09","date_gmt":"2026-02-23T17:08:09","guid":{"rendered":"https:\/\/leacristalshop.fr\/?post_type=product&#038;p=219"},"modified":"2026-03-20T09:42:30","modified_gmt":"2026-03-20T09:42:30","slug":"petit-collier-en-perles-dopales-welo-noires-black-opale-ethiopiennes-aaa-multifeux","status":"publish","type":"product","link":"https:\/\/leacristalshop.fr\/index.php\/produit\/petit-collier-en-perles-dopales-welo-noires-black-opale-ethiopiennes-aaa-multifeux\/","title":{"rendered":"PETIT COLLIER OPALE NOIRE AA"},"content":{"rendered":"<p><strong>Petit collier en opales noires d&#8217;Ethiopie &#8211; Qualit\u00e9 AA<\/strong><\/p>\n<ul>\n<li><strong>Photos naturelles et sans filtres<\/strong><\/li>\n<li><strong>Jolis reflets multi-feux brillants bleus, verts, jaunes, rouges et orang\u00e9s<\/strong><\/li>\n<li><strong>Acier inoxydable hypoallerg\u00e9nique de haute qualit\u00e9<\/strong><\/li>\n<li><strong>Taille r\u00e9glable confortable avec cha\u00eenette\u00a0<\/strong><\/li>\n<\/ul>\n<p>&nbsp;<\/p>\n<ul>\n<li><strong>Plus de 1000 clientes le portent d\u00e9j\u00e0\u00a0 !<\/strong><\/li>\n<li><strong>Paiement s\u00e9curis\u00e9 et livraison offerte d\u00e8s 48\u20ac<\/strong><\/li>\n<li><strong>Exp\u00e9dition rapide<\/strong><\/li>\n<li><strong>Garantie 14 jours<\/strong><\/li>\n<li><strong>Stock limit\u00e9 &#8211; Opale naturelle tr\u00e8s recherch\u00e9e<\/strong><\/li>\n<li><strong>Cadeau offert pour chaque commande\u00a0<\/strong><\/li>\n<\/ul>\n","protected":false},"excerpt":{"rendered":"<p><strong>Petit collier opale noire &#8211; black opale \u00e9thiopienne- Qualit\u00e9 AA &#8211; cha\u00eenette argent\u00e9e<\/strong><\/p>\n<ul>\n<li><strong>\u00c9l\u00e9gant<\/strong> et <strong>lumineux<\/strong><\/li>\n<li>Perles <strong>d&#8217;opales naturelles\u00a0<\/strong><\/li>\n<li>Jolis reflets <strong>multi-feux brillants<\/strong> \u00a0uniques<\/li>\n<li>Acier <strong>inoxydable<\/strong> <strong>hypoallerg\u00e9nique<\/strong><\/li>\n<li><strong>Taille r\u00e9glable <\/strong>confortable avec cha\u00eenette (42cm &#8211; 48cm)<\/li>\n<\/ul>\n<p><strong>\u2b50 Plus de 1000 clientes le portent d\u00e9j\u00e0 !<\/strong><br \/>\n<strong>\u2705 Exp\u00e9dition rapide &#8211; paiement s\u00e9curis\u00e9\u00a0<\/strong><br \/>\n<strong>\ud83d\udd25\u00a0 Stock limit\u00e9 &#8211; opales naturelles tr\u00e8s recherch\u00e9es<\/strong><br \/>\n<strong>\ud83c\udf81 1 cadeau offert avec votre commande<\/strong><\/p>\n","protected":false},"featured_media":1452,"comment_status":"open","ping_status":"closed","template":"","meta":{"site-sidebar-layout":"default","site-content-layout":"","ast-site-content-layout":"default","site-content-style":"default","site-sidebar-style":"default","ast-global-header-display":"","ast-banner-title-visibility":"","ast-main-header-display":"","ast-hfb-above-header-display":"","ast-hfb-below-header-display":"","ast-hfb-mobile-header-display":"","site-post-title":"","ast-breadcrumbs-content":"","ast-featured-img":"","footer-sml-layout":"","ast-disable-related-posts":"","theme-transparent-header-meta":"default","adv-header-id-meta":"","stick-header-meta":"","header-above-stick-meta":"","header-main-stick-meta":"","header-below-stick-meta":"","astra-migrate-meta-layouts":"set","ast-page-background-enabled":"default","ast-page-background-meta":{"desktop":{"background-color":"var(--ast-global-color-5)","background-image":"","background-repeat":"repeat","background-position":"center center","background-size":"auto","background-attachment":"scroll","background-type":"","background-media":"","overlay-type":"","overlay-color":"","overlay-opacity":"","overlay-gradient":""},"tablet":{"background-color":"","background-image":"","background-repeat":"repeat","background-position":"center center","background-size":"auto","background-attachment":"scroll","background-type":"","background-media":"","overlay-type":"","overlay-color":"","overlay-opacity":"","overlay-gradient":""},"mobile":{"background-color":"","background-image":"","background-repeat":"repeat","background-position":"center center","background-size":"auto","background-attachment":"scroll","background-type":"","background-media":"","overlay-type":"","overlay-color":"","overlay-opacity":"","overlay-gradient":""}},"ast-content-background-meta":{"desktop":{"background-color":"var(--ast-global-color-4)","background-image":"","background-repeat":"repeat","background-position":"center center","background-size":"auto","background-attachment":"scroll","background-type":"","background-media":"","overlay-type":"","overlay-color":"","overlay-opacity":"","overlay-gradient":""},"tablet":{"background-color":"var(--ast-global-color-4)","background-image":"","background-repeat":"repeat","background-position":"center center","background-size":"auto","background-attachment":"scroll","background-type":"","background-media":"","overlay-type":"","overlay-color":"","overlay-opacity":"","overlay-gradient":""},"mobile":{"background-color":"var(--ast-global-color-4)","background-image":"","background-repeat":"repeat","background-position":"center center","background-size":"auto","background-attachment":"scroll","background-type":"","background-media":"","overlay-type":"","overlay-color":"","overlay-opacity":"","overlay-gradient":""}}},"product_brand":[],"product_cat":[36,37],"product_tag":[],"class_list":{"0":"post-219","1":"product","2":"type-product","3":"status-publish","4":"has-post-thumbnail","6":"product_cat-colliers-en-opale","7":"product_cat-petits-colliers","8":"desktop-align-center","9":"tablet-align-left","10":"mobile-align-left","12":"first","13":"instock","14":"shipping-taxable","15":"purchasable","16":"product-type-simple"},"jetpack_sharing_enabled":true,"_links":{"self":[{"href":"https:\/\/leacristalshop.fr\/index.php\/wp-json\/wp\/v2\/product\/219","targetHints":{"allow":["GET"]}}],"collection":[{"href":"https:\/\/leacristalshop.fr\/index.php\/wp-json\/wp\/v2\/product"}],"about":[{"href":"https:\/\/leacristalshop.fr\/index.php\/wp-json\/wp\/v2\/types\/product"}],"replies":[{"embeddable":true,"href":"https:\/\/leacristalshop.fr\/index.php\/wp-json\/wp\/v2\/comments?post=219"}],"version-history":[{"count":10,"href":"https:\/\/leacristalshop.fr\/index.php\/wp-json\/wp\/v2\/product\/219\/revisions"}],"predecessor-version":[{"id":1115,"href":"https:\/\/leacristalshop.fr\/index.php\/wp-json\/wp\/v2\/product\/219\/revisions\/1115"}],"wp:featuredmedia":[{"embeddable":true,"href":"https:\/\/leacristalshop.fr\/index.php\/wp-json\/wp\/v2\/media\/1452"}],"wp:attachment":[{"href":"https:\/\/leacristalshop.fr\/index.php\/wp-json\/wp\/v2\/media?parent=219"}],"wp:term":[{"taxonomy":"product_brand","embeddable":true,"href":"https:\/\/leacristalshop.fr\/index.php\/wp-json\/wp\/v2\/product_brand?post=219"},{"taxonomy":"product_cat","embeddable":true,"href":"https:\/\/leacristalshop.fr\/index.php\/wp-json\/wp\/v2\/product_cat?post=219"},{"taxonomy":"product_tag","embeddable":true,"href":"https:\/\/leacristalshop.fr\/index.php\/wp-json\/wp\/v2\/product_tag?post=219"}],"curies":[{"name":"wp","href":"https:\/\/api.w.org\/{rel}","templated":true}]}}