{"id":229,"date":"2026-02-23T17:33:53","date_gmt":"2026-02-23T17:33:53","guid":{"rendered":"https:\/\/leacristalshop.fr\/?post_type=product&#038;p=229"},"modified":"2026-03-20T10:20:35","modified_gmt":"2026-03-20T10:20:35","slug":"collier-minimaliste-marquise-opale-welo-ethiopienne-aaa-qualite-gemme","status":"publish","type":"product","link":"https:\/\/leacristalshop.fr\/index.php\/produit\/collier-minimaliste-marquise-opale-welo-ethiopienne-aaa-qualite-gemme\/","title":{"rendered":"COLLIER MARQUISE QUALITE GEMME AAA+"},"content":{"rendered":"","protected":false},"excerpt":{"rendered":"<p><strong>Petit collier opale marquisz facett\u00e9e \u00e9thiopienne &#8211; Qualit\u00e9 AAA+ &#8211; cha\u00eenette argent\u00e9e<\/strong><\/p>\n<ul>\n<li><b>Pi\u00e8ce de cr\u00e9ateur faite main<\/b><\/li>\n<li><strong>\u00c9l\u00e9gant<\/strong> et <strong>lumineux<\/strong><\/li>\n<li><strong>Opale naturelle\u00a0<\/strong><\/li>\n<li>Jolis reflets <strong>multi-feux brillants<\/strong> \u00a0uniques<\/li>\n<li>Acier <strong>inoxydable<\/strong> <strong>hypoallerg\u00e9nique<\/strong><\/li>\n<li><strong>Taille r\u00e9glable <\/strong>confortable avec cha\u00eenette<\/li>\n<\/ul>\n<p><strong>\u2b50 Plus de 1000 clientes le portent d\u00e9j\u00e0 !<\/strong><br \/>\n<strong>\u2705 Exp\u00e9dition rapide &#8211; paiement s\u00e9curis\u00e9\u00a0<\/strong><br \/>\n<strong>\ud83d\udd25\u00a0 Stock limit\u00e9 &#8211; opales naturelles tr\u00e8s recherch\u00e9es<\/strong><\/p>\n<p><strong>\ud83c\udf81 1 cadeau offert avec votre commande<\/strong><\/p>\n","protected":false},"featured_media":1452,"comment_status":"open","ping_status":"closed","template":"","meta":{"site-sidebar-layout":"default","site-content-layout":"","ast-site-content-layout":"default","site-content-style":"default","site-sidebar-style":"default","ast-global-header-display":"","ast-banner-title-visibility":"","ast-main-header-display":"","ast-hfb-above-header-display":"","ast-hfb-below-header-display":"","ast-hfb-mobile-header-display":"","site-post-title":"","ast-breadcrumbs-content":"","ast-featured-img":"","footer-sml-layout":"","ast-disable-related-posts":"","theme-transparent-header-meta":"default","adv-header-id-meta":"","stick-header-meta":"","header-above-stick-meta":"","header-main-stick-meta":"","header-below-stick-meta":"","astra-migrate-meta-layouts":"set","ast-page-background-enabled":"default","ast-page-background-meta":{"desktop":{"background-color":"var(--ast-global-color-5)","background-image":"","background-repeat":"repeat","background-position":"center center","background-size":"auto","background-attachment":"scroll","background-type":"","background-media":"","overlay-type":"","overlay-color":"","overlay-opacity":"","overlay-gradient":""},"tablet":{"background-color":"","background-image":"","background-repeat":"repeat","background-position":"center center","background-size":"auto","background-attachment":"scroll","background-type":"","background-media":"","overlay-type":"","overlay-color":"","overlay-opacity":"","overlay-gradient":""},"mobile":{"background-color":"","background-image":"","background-repeat":"repeat","background-position":"center center","background-size":"auto","background-attachment":"scroll","background-type":"","background-media":"","overlay-type":"","overlay-color":"","overlay-opacity":"","overlay-gradient":""}},"ast-content-background-meta":{"desktop":{"background-color":"var(--ast-global-color-4)","background-image":"","background-repeat":"repeat","background-position":"center center","background-size":"auto","background-attachment":"scroll","background-type":"","background-media":"","overlay-type":"","overlay-color":"","overlay-opacity":"","overlay-gradient":""},"tablet":{"background-color":"var(--ast-global-color-4)","background-image":"","background-repeat":"repeat","background-position":"center center","background-size":"auto","background-attachment":"scroll","background-type":"","background-media":"","overlay-type":"","overlay-color":"","overlay-opacity":"","overlay-gradient":""},"mobile":{"background-color":"var(--ast-global-color-4)","background-image":"","background-repeat":"repeat","background-position":"center center","background-size":"auto","background-attachment":"scroll","background-type":"","background-media":"","overlay-type":"","overlay-color":"","overlay-opacity":"","overlay-gradient":""}}},"product_brand":[],"product_cat":[36,40],"product_tag":[],"class_list":{"0":"post-229","1":"product","2":"type-product","3":"status-publish","4":"has-post-thumbnail","6":"product_cat-colliers-en-opale","7":"product_cat-pieces-uniques","8":"desktop-align-center","9":"tablet-align-left","10":"mobile-align-left","12":"first","13":"instock","14":"shipping-taxable","15":"purchasable","16":"product-type-simple"},"jetpack_sharing_enabled":true,"_links":{"self":[{"href":"https:\/\/leacristalshop.fr\/index.php\/wp-json\/wp\/v2\/product\/229","targetHints":{"allow":["GET"]}}],"collection":[{"href":"https:\/\/leacristalshop.fr\/index.php\/wp-json\/wp\/v2\/product"}],"about":[{"href":"https:\/\/leacristalshop.fr\/index.php\/wp-json\/wp\/v2\/types\/product"}],"replies":[{"embeddable":true,"href":"https:\/\/leacristalshop.fr\/index.php\/wp-json\/wp\/v2\/comments?post=229"}],"version-history":[{"count":8,"href":"https:\/\/leacristalshop.fr\/index.php\/wp-json\/wp\/v2\/product\/229\/revisions"}],"predecessor-version":[{"id":1511,"href":"https:\/\/leacristalshop.fr\/index.php\/wp-json\/wp\/v2\/product\/229\/revisions\/1511"}],"wp:featuredmedia":[{"embeddable":true,"href":"https:\/\/leacristalshop.fr\/index.php\/wp-json\/wp\/v2\/media\/1452"}],"wp:attachment":[{"href":"https:\/\/leacristalshop.fr\/index.php\/wp-json\/wp\/v2\/media?parent=229"}],"wp:term":[{"taxonomy":"product_brand","embeddable":true,"href":"https:\/\/leacristalshop.fr\/index.php\/wp-json\/wp\/v2\/product_brand?post=229"},{"taxonomy":"product_cat","embeddable":true,"href":"https:\/\/leacristalshop.fr\/index.php\/wp-json\/wp\/v2\/product_cat?post=229"},{"taxonomy":"product_tag","embeddable":true,"href":"https:\/\/leacristalshop.fr\/index.php\/wp-json\/wp\/v2\/product_tag?post=229"}],"curies":[{"name":"wp","href":"https:\/\/api.w.org\/{rel}","templated":true}]}}