{"id":389,"date":"2026-02-24T16:52:13","date_gmt":"2026-02-24T16:52:13","guid":{"rendered":"https:\/\/leacristalshop.fr\/?post_type=product&#038;p=389"},"modified":"2026-03-18T17:23:11","modified_gmt":"2026-03-18T17:23:11","slug":"bracelet-pierre-de-lune-facette-aaa","status":"publish","type":"product","link":"https:\/\/leacristalshop.fr\/index.php\/produit\/bracelet-pierre-de-lune-facette-aaa\/","title":{"rendered":"BRACELET PIERRE DE LUNE FACETTE AAA"},"content":{"rendered":"<p>Bracelet en perles de pierre de lune facett\u00e9es AAA qualit\u00e9.<\/p>\n<p>Perles de couleur blanches transparente semi-opaques aux reflets bleu tr\u00e8s forts changeant selon la luminosit\u00e9.<\/p>\n<p>Mont\u00e9 sur steel silver ; acier inoxydable hypoallerg\u00e9nique de haute qualit\u00e9.<\/p>\n<p>Taille r\u00e9glable gr\u00e2ce \u00e0 une cha\u00eenette pour plus de confort.<\/p>\n<p>&nbsp;<\/p>\n<p>&nbsp;<\/p>\n","protected":false},"excerpt":{"rendered":"<p>Taille r\u00e9glable et hypoallerg\u00e9nique <\/p>\n","protected":false},"featured_media":0,"comment_status":"open","ping_status":"closed","template":"","meta":{"site-sidebar-layout":"default","site-content-layout":"","ast-site-content-layout":"default","site-content-style":"default","site-sidebar-style":"default","ast-global-header-display":"","ast-banner-title-visibility":"","ast-main-header-display":"","ast-hfb-above-header-display":"","ast-hfb-below-header-display":"","ast-hfb-mobile-header-display":"","site-post-title":"","ast-breadcrumbs-content":"","ast-featured-img":"","footer-sml-layout":"","ast-disable-related-posts":"","theme-transparent-header-meta":"default","adv-header-id-meta":"","stick-header-meta":"","header-above-stick-meta":"","header-main-stick-meta":"","header-below-stick-meta":"","astra-migrate-meta-layouts":"set","ast-page-background-enabled":"default","ast-page-background-meta":{"desktop":{"background-color":"var(--ast-global-color-5)","background-image":"","background-repeat":"repeat","background-position":"center center","background-size":"auto","background-attachment":"scroll","background-type":"","background-media":"","overlay-type":"","overlay-color":"","overlay-opacity":"","overlay-gradient":""},"tablet":{"background-color":"","background-image":"","background-repeat":"repeat","background-position":"center center","background-size":"auto","background-attachment":"scroll","background-type":"","background-media":"","overlay-type":"","overlay-color":"","overlay-opacity":"","overlay-gradient":""},"mobile":{"background-color":"","background-image":"","background-repeat":"repeat","background-position":"center center","background-size":"auto","background-attachment":"scroll","background-type":"","background-media":"","overlay-type":"","overlay-color":"","overlay-opacity":"","overlay-gradient":""}},"ast-content-background-meta":{"desktop":{"background-color":"var(--ast-global-color-4)","background-image":"","background-repeat":"repeat","background-position":"center center","background-size":"auto","background-attachment":"scroll","background-type":"","background-media":"","overlay-type":"","overlay-color":"","overlay-opacity":"","overlay-gradient":""},"tablet":{"background-color":"var(--ast-global-color-4)","background-image":"","background-repeat":"repeat","background-position":"center center","background-size":"auto","background-attachment":"scroll","background-type":"","background-media":"","overlay-type":"","overlay-color":"","overlay-opacity":"","overlay-gradient":""},"mobile":{"background-color":"var(--ast-global-color-4)","background-image":"","background-repeat":"repeat","background-position":"center center","background-size":"auto","background-attachment":"scroll","background-type":"","background-media":"","overlay-type":"","overlay-color":"","overlay-opacity":"","overlay-gradient":""}}},"product_brand":[],"product_cat":[15],"product_tag":[34],"class_list":{"0":"post-389","1":"product","2":"type-product","3":"status-publish","5":"product_cat-non-classe","6":"product_tag-bracelets-facettes","7":"desktop-align-center","8":"tablet-align-left","9":"mobile-align-left","11":"first","12":"instock","13":"shipping-taxable","14":"purchasable","15":"product-type-simple"},"jetpack_sharing_enabled":true,"_links":{"self":[{"href":"https:\/\/leacristalshop.fr\/index.php\/wp-json\/wp\/v2\/product\/389","targetHints":{"allow":["GET"]}}],"collection":[{"href":"https:\/\/leacristalshop.fr\/index.php\/wp-json\/wp\/v2\/product"}],"about":[{"href":"https:\/\/leacristalshop.fr\/index.php\/wp-json\/wp\/v2\/types\/product"}],"replies":[{"embeddable":true,"href":"https:\/\/leacristalshop.fr\/index.php\/wp-json\/wp\/v2\/comments?post=389"}],"version-history":[{"count":3,"href":"https:\/\/leacristalshop.fr\/index.php\/wp-json\/wp\/v2\/product\/389\/revisions"}],"predecessor-version":[{"id":479,"href":"https:\/\/leacristalshop.fr\/index.php\/wp-json\/wp\/v2\/product\/389\/revisions\/479"}],"wp:attachment":[{"href":"https:\/\/leacristalshop.fr\/index.php\/wp-json\/wp\/v2\/media?parent=389"}],"wp:term":[{"taxonomy":"product_brand","embeddable":true,"href":"https:\/\/leacristalshop.fr\/index.php\/wp-json\/wp\/v2\/product_brand?post=389"},{"taxonomy":"product_cat","embeddable":true,"href":"https:\/\/leacristalshop.fr\/index.php\/wp-json\/wp\/v2\/product_cat?post=389"},{"taxonomy":"product_tag","embeddable":true,"href":"https:\/\/leacristalshop.fr\/index.php\/wp-json\/wp\/v2\/product_tag?post=389"}],"curies":[{"name":"wp","href":"https:\/\/api.w.org\/{rel}","templated":true}]}}